{"id":87,"date":"2025-04-12T09:10:19","date_gmt":"2025-04-12T07:10:19","guid":{"rendered":"http:\/\/www.scene2rue.dev-mulhouse.fr\/2\/?page_id=87"},"modified":"2025-04-13T13:10:11","modified_gmt":"2025-04-13T11:10:11","slug":"les-partenaires","status":"publish","type":"page","link":"https:\/\/www.scene2rue.dev-mulhouse.fr\/2\/le-festival\/les-partenaires\/","title":{"rendered":"Les partenaires"},"content":{"rendered":"\t\t<div data-elementor-type=\"wp-page\" data-elementor-id=\"87\" class=\"elementor elementor-87\" data-elementor-post-type=\"page\">\n\t\t\t\t<div class=\"elementor-element elementor-element-cf024d4 e-flex e-con-boxed e-con e-parent\" data-id=\"cf024d4\" data-element_type=\"container\">\n\t\t\t\t\t<div class=\"e-con-inner\">\n\t\t\t\t<div class=\"elementor-element elementor-element-f5110f2 elementor-widget elementor-widget-text-editor\" data-id=\"f5110f2\" data-element_type=\"widget\" data-widget_type=\"text-editor.default\">\n\t\t\t\t<div class=\"elementor-widget-container\">\n\t\t\t\t\t\t\t\t\t<h1><span style=\"font-size: 16px;\">Sc\u00e8nes de rue est un \u00e9v\u00e9nement subventionn\u00e9 par :<\/span><\/h1><div id=\"accordion\"><ul><li><a href=\"http:\/\/www.culture.gouv.fr\/Regions\/Drac-Grand-Est\">La Direction r\u00e9gionale des affaires culturelles Grand Est<\/a><\/li><li><a href=\"https:\/\/www.grandest.fr\/\">La R\u00e9gion Grand Est<\/a><\/li><li><a href=\"https:\/\/www.haut-rhin.fr\/\">Le Conseil D\u00e9partemental du Haut-Rhin<\/a><\/li><li>Sc\u00e8nes de rue est un \u00c9v\u00e9nement\u00a0<a href=\"http:\/\/www.telerama.fr\/\">T\u00e9l\u00e9rama<\/a><\/li><\/ul><p>Et b\u00e9n\u00e9ficie \u00e9galement du soutien de :<\/p><ul><li><a href=\"http:\/\/www.onda.fr\/\">ONDA \u2013 Office National de Diffusion Artistique<\/a><\/li><li><a href=\"https:\/\/oara.fr\/\">OARA \u2013 Office de la R\u00e9gion Nouvelle Aquitaine<\/a><\/li><li><a href=\"https:\/\/www.anru.fr\/\">ANRU \u2013 Agence de R\u00e9novation Urbaine<\/a><\/li><li><a href=\"https:\/\/culturegrandest.fr\/\">L\u2019Agence culturelle Grand Est<\/a><\/li><li><a href=\"https:\/\/ecomanifestations-alsace.fr\/\">Eco-manifestations Alsace<\/a><\/li><li><a href=\"https:\/\/www.velomulhouse.fr\/\">CADRes<\/a><\/li><li><a href=\"https:\/\/gaspajoe.fr\/\">GaspaJoe<\/a><\/li><li><a href=\"http:\/\/www.velocite.mulhouse.fr\/\">V\u00e9locit\u00e9<\/a><\/li><li><a href=\"https:\/\/www.solea.info\/\">Sol\u00e9a<\/a><\/li><\/ul><\/div>\t\t\t\t\t\t\t\t<\/div>\n\t\t\t\t<\/div>\n\t\t\t\t\t<\/div>\n\t\t\t\t<\/div>\n\t\t\t\t<\/div>\n\t\t","protected":false},"excerpt":{"rendered":"<p>Sc\u00e8nes de rue est un \u00e9v\u00e9nement subventionn\u00e9 par : La Direction r\u00e9gionale des affaires culturelles Grand Est La R\u00e9gion Grand Est Le Conseil D\u00e9partemental du Haut-Rhin Sc\u00e8nes de rue est un \u00c9v\u00e9nement\u00a0T\u00e9l\u00e9rama Et b\u00e9n\u00e9ficie \u00e9galement du soutien de : ONDA \u2013 Office National de Diffusion Artistique OARA \u2013 Office de la R\u00e9gion Nouvelle Aquitaine ANRU [&hellip;]<\/p>\n","protected":false},"author":1,"featured_media":0,"parent":23,"menu_order":0,"comment_status":"closed","ping_status":"closed","template":"","meta":{"footnotes":""},"class_list":["post-87","page","type-page","status-publish","hentry"],"_links":{"self":[{"href":"https:\/\/www.scene2rue.dev-mulhouse.fr\/2\/wp-json\/wp\/v2\/pages\/87","targetHints":{"allow":["GET"]}}],"collection":[{"href":"https:\/\/www.scene2rue.dev-mulhouse.fr\/2\/wp-json\/wp\/v2\/pages"}],"about":[{"href":"https:\/\/www.scene2rue.dev-mulhouse.fr\/2\/wp-json\/wp\/v2\/types\/page"}],"author":[{"embeddable":true,"href":"https:\/\/www.scene2rue.dev-mulhouse.fr\/2\/wp-json\/wp\/v2\/users\/1"}],"replies":[{"embeddable":true,"href":"https:\/\/www.scene2rue.dev-mulhouse.fr\/2\/wp-json\/wp\/v2\/comments?post=87"}],"version-history":[{"count":5,"href":"https:\/\/www.scene2rue.dev-mulhouse.fr\/2\/wp-json\/wp\/v2\/pages\/87\/revisions"}],"predecessor-version":[{"id":723,"href":"https:\/\/www.scene2rue.dev-mulhouse.fr\/2\/wp-json\/wp\/v2\/pages\/87\/revisions\/723"}],"up":[{"embeddable":true,"href":"https:\/\/www.scene2rue.dev-mulhouse.fr\/2\/wp-json\/wp\/v2\/pages\/23"}],"wp:attachment":[{"href":"https:\/\/www.scene2rue.dev-mulhouse.fr\/2\/wp-json\/wp\/v2\/media?parent=87"}],"curies":[{"name":"wp","href":"https:\/\/api.w.org\/{rel}","templated":true}]}}