{"id":83,"date":"2025-04-12T09:09:35","date_gmt":"2025-04-12T07:09:35","guid":{"rendered":"http:\/\/www.scene2rue.dev-mulhouse.fr\/2\/?page_id=83"},"modified":"2025-04-13T13:08:24","modified_gmt":"2025-04-13T11:08:24","slug":"un-festival-inclusif-et-responsable","status":"publish","type":"page","link":"https:\/\/www.scene2rue.dev-mulhouse.fr\/2\/le-festival\/un-festival-inclusif-et-responsable\/","title":{"rendered":"Un festival inclusif et responsable"},"content":{"rendered":"\t\t<div data-elementor-type=\"wp-page\" data-elementor-id=\"83\" class=\"elementor elementor-83\" data-elementor-post-type=\"page\">\n\t\t\t\t<div class=\"elementor-element elementor-element-c486fc8 e-flex e-con-boxed e-con e-parent\" data-id=\"c486fc8\" data-element_type=\"container\">\n\t\t\t\t\t<div class=\"e-con-inner\">\n\t\t\t\t<div class=\"elementor-element elementor-element-e02ec4e elementor-widget elementor-widget-text-editor\" data-id=\"e02ec4e\" data-element_type=\"widget\" data-widget_type=\"text-editor.default\">\n\t\t\t\t<div class=\"elementor-widget-container\">\n\t\t\t\t\t\t\t\t\t<h1>Un festival \u00e9co-responsable<\/h1><div id=\"accordion\"><p>L\u2019\u00e9quipe du festival a le souci d\u2019une d\u00e9marche sinc\u00e8re et renouvel\u00e9e quant \u00e0 son \u00e9co-responsabilit\u00e9. C\u2019est pourquoi, nous avons d\u00e9velopp\u00e9 l\u2019id\u00e9e d\u2019une \u00ab signature verte \u00bb : un certain nombre d\u2019actions \u00e9co-citoyennes qui am\u00e8nent \u00e0 la r\u00e9flexion et surtout \u00e0 penser notre rapport aux autres et au monde\u2026<\/p><p>Depuis 10 ans, le festival agit donc naturellement pour limiter son impact sur l\u2019environnement :<\/p><ul><li>utilisation de papier recycl\u00e9,<\/li><li>utilisation de vaisselle dure et de gobelets r\u00e9utilisables pour limiter les d\u00e9chets,<\/li><li>suppression des bouteilles plastiques et valorisation de l\u2019Eau de Mulhouse, naturellement bonne, avec l\u2019achat de 500 gourdes en inox pour les \u00e9quipes techniques et artistiques, gr\u00e2ce \u00e0 notre partenariat avec la marque\u00a0<a href=\"https:\/\/gaspajoe.fr\/\">GaspaJoe<\/a>,<\/li><li>recours aux circuits courts et aux produits issus de l\u2019agriculture biologique,<\/li><li>tri des d\u00e9chets (y compris compostage),<\/li><li>utilisation de toilettes s\u00e8ches,<\/li><li>promotion des transports en commun (co-voiturage, partenariat avec\u00a0<a href=\"https:\/\/www.compte-mobilite.fr\/services\/velos-en-libre-service\/\">V\u00e9locit\u00e9<\/a>).<\/li><\/ul><p>Pour ses actions et engagements, le festival a obtenu le label 3 de la Charte\u00a0<a href=\"https:\/\/ecomanifestations-alsace.fr\/le-fonctionnement-de-la-charte\/\">\u00c9co-manifestations Alsace<\/a>.<\/p><p>En 2020, le festival a sign\u00e9 la charte\u00a0<a href=\"https:\/\/www.drastic-on-plastic.fr\/\">Drastic On Plastic<\/a>\u00a0et s\u2019est engag\u00e9 \u00e0 bannir le plastique dans les 3 ans.<\/p><\/div>\t\t\t\t\t\t\t\t<\/div>\n\t\t\t\t<\/div>\n\t\t\t\t\t<\/div>\n\t\t\t\t<\/div>\n\t\t\t\t<\/div>\n\t\t","protected":false},"excerpt":{"rendered":"<p>Un festival \u00e9co-responsable L\u2019\u00e9quipe du festival a le souci d\u2019une d\u00e9marche sinc\u00e8re et renouvel\u00e9e quant \u00e0 son \u00e9co-responsabilit\u00e9. C\u2019est pourquoi, nous avons d\u00e9velopp\u00e9 l\u2019id\u00e9e d\u2019une \u00ab signature verte \u00bb : un certain nombre d\u2019actions \u00e9co-citoyennes qui am\u00e8nent \u00e0 la r\u00e9flexion et surtout \u00e0 penser notre rapport aux autres et au monde\u2026 Depuis 10 ans, le [&hellip;]<\/p>\n","protected":false},"author":1,"featured_media":0,"parent":23,"menu_order":0,"comment_status":"closed","ping_status":"closed","template":"","meta":{"footnotes":""},"class_list":["post-83","page","type-page","status-publish","hentry"],"_links":{"self":[{"href":"https:\/\/www.scene2rue.dev-mulhouse.fr\/2\/wp-json\/wp\/v2\/pages\/83","targetHints":{"allow":["GET"]}}],"collection":[{"href":"https:\/\/www.scene2rue.dev-mulhouse.fr\/2\/wp-json\/wp\/v2\/pages"}],"about":[{"href":"https:\/\/www.scene2rue.dev-mulhouse.fr\/2\/wp-json\/wp\/v2\/types\/page"}],"author":[{"embeddable":true,"href":"https:\/\/www.scene2rue.dev-mulhouse.fr\/2\/wp-json\/wp\/v2\/users\/1"}],"replies":[{"embeddable":true,"href":"https:\/\/www.scene2rue.dev-mulhouse.fr\/2\/wp-json\/wp\/v2\/comments?post=83"}],"version-history":[{"count":5,"href":"https:\/\/www.scene2rue.dev-mulhouse.fr\/2\/wp-json\/wp\/v2\/pages\/83\/revisions"}],"predecessor-version":[{"id":717,"href":"https:\/\/www.scene2rue.dev-mulhouse.fr\/2\/wp-json\/wp\/v2\/pages\/83\/revisions\/717"}],"up":[{"embeddable":true,"href":"https:\/\/www.scene2rue.dev-mulhouse.fr\/2\/wp-json\/wp\/v2\/pages\/23"}],"wp:attachment":[{"href":"https:\/\/www.scene2rue.dev-mulhouse.fr\/2\/wp-json\/wp\/v2\/media?parent=83"}],"curies":[{"name":"wp","href":"https:\/\/api.w.org\/{rel}","templated":true}]}}