{"id":806,"date":"2025-04-13T13:48:21","date_gmt":"2025-04-13T11:48:21","guid":{"rendered":"http:\/\/www.scene2rue.dev-mulhouse.fr\/2\/?page_id=806"},"modified":"2025-04-25T12:01:15","modified_gmt":"2025-04-25T10:01:15","slug":"edition-2025","status":"publish","type":"page","link":"https:\/\/www.scene2rue.dev-mulhouse.fr\/2\/edition-2025\/","title":{"rendered":"Edition 2025"},"content":{"rendered":"\t\t<div data-elementor-type=\"wp-page\" data-elementor-id=\"806\" class=\"elementor elementor-806\" data-elementor-post-type=\"page\">\n\t\t\t\t<div class=\"elementor-element elementor-element-3b4a457e e-flex e-con-boxed e-con e-parent\" data-id=\"3b4a457e\" data-element_type=\"container\">\n\t\t\t\t\t<div class=\"e-con-inner\">\n\t\t\t\t<div class=\"elementor-element elementor-element-7e51fea elementor-widget elementor-widget-shortcode\" data-id=\"7e51fea\" data-element_type=\"widget\" data-widget_type=\"shortcode.default\">\n\t\t\t\t<div class=\"elementor-widget-container\">\n\t\t\t\t\t\t\t<div class=\"elementor-shortcode\"><div class=\"asl_w_container asl_w_container_1\">\r\n\t<div id='ajaxsearchlite1'\r\n\t\t data-id=\"1\"\r\n\t\t data-instance=\"1\"\r\n\t\t class=\"asl_w asl_m asl_m_1 asl_m_1_1\">\r\n\t\t<div class=\"probox\">\n\n\t\n\t<div class='prosettings' style='display:none;' data-opened=0>\n\t\t\t\t<div class='innericon'>\n\t\t\t<svg version=\"1.1\" xmlns=\"http:\/\/www.w3.org\/2000\/svg\" xmlns:xlink=\"http:\/\/www.w3.org\/1999\/xlink\" x=\"0px\" y=\"0px\" width=\"22\" height=\"22\" viewBox=\"0 0 512 512\" enable-background=\"new 0 0 512 512\" xml:space=\"preserve\">\n\t\t\t\t\t<polygon transform = \"rotate(90 256 256)\" points=\"142.332,104.886 197.48,50 402.5,256 197.48,462 142.332,407.113 292.727,256 \"\/>\n\t\t\t\t<\/svg>\n\t\t<\/div>\n\t<\/div>\n\n\t\n\t\n\t<div class='proinput'>\n        <form role=\"search\" action='#' autocomplete=\"off\"\n\t\t\t  aria-label=\"Search form\">\n\t\t\t<input aria-label=\"Search input\"\n\t\t\t\t   type='search' class='orig'\n\t\t\t\t   tabindex=\"0\"\n\t\t\t\t   name='phrase'\n\t\t\t\t   placeholder='Search here..'\n\t\t\t\t   value=''\n\t\t\t\t   autocomplete=\"off\"\/>\n\t\t\t<input aria-label=\"Search autocomplete\"\n\t\t\t\t   type='text'\n\t\t\t\t   class='autocomplete'\n\t\t\t\t   tabindex=\"-1\"\n\t\t\t\t   name='phrase'\n\t\t\t\t   value=''\n\t\t\t\t   autocomplete=\"off\" disabled\/>\n\t\t\t<input type='submit' value=\"Start search\" style='width:0; height: 0; visibility: hidden;'>\n\t\t<\/form>\n\t<\/div>\n\n\t\n\t\n\t<button class='promagnifier' tabindex=\"0\" aria-label=\"Search magnifier\">\n\t\t\t\t<span class='innericon' style=\"display:block;\">\n\t\t\t<svg version=\"1.1\" xmlns=\"http:\/\/www.w3.org\/2000\/svg\" xmlns:xlink=\"http:\/\/www.w3.org\/1999\/xlink\" x=\"0px\" y=\"0px\" width=\"22\" height=\"22\" viewBox=\"0 0 512 512\" enable-background=\"new 0 0 512 512\" xml:space=\"preserve\">\n\t\t\t\t\t<path d=\"M460.355,421.59L353.844,315.078c20.041-27.553,31.885-61.437,31.885-98.037\n\t\t\t\t\t\tC385.729,124.934,310.793,50,218.686,50C126.58,50,51.645,124.934,51.645,217.041c0,92.106,74.936,167.041,167.041,167.041\n\t\t\t\t\t\tc34.912,0,67.352-10.773,94.184-29.158L419.945,462L460.355,421.59z M100.631,217.041c0-65.096,52.959-118.056,118.055-118.056\n\t\t\t\t\t\tc65.098,0,118.057,52.959,118.057,118.056c0,65.096-52.959,118.056-118.057,118.056C153.59,335.097,100.631,282.137,100.631,217.041\n\t\t\t\t\t\tz\"\/>\n\t\t\t\t<\/svg>\n\t\t<\/span>\n\t<\/button>\n\n\t\n\t\n\t<div class='proloading'>\n\n\t\t<div class=\"asl_loader\"><div class=\"asl_loader-inner asl_simple-circle\"><\/div><\/div>\n\n\t\t\t<\/div>\n\n\t\t\t<div class='proclose'>\n\t\t\t<svg version=\"1.1\" xmlns=\"http:\/\/www.w3.org\/2000\/svg\" xmlns:xlink=\"http:\/\/www.w3.org\/1999\/xlink\" x=\"0px\"\n\t\t\t\t y=\"0px\"\n\t\t\t\t width=\"12\" height=\"12\" viewBox=\"0 0 512 512\" enable-background=\"new 0 0 512 512\"\n\t\t\t\t xml:space=\"preserve\">\n\t\t\t\t<polygon points=\"438.393,374.595 319.757,255.977 438.378,137.348 374.595,73.607 255.995,192.225 137.375,73.622 73.607,137.352 192.246,255.983 73.622,374.625 137.352,438.393 256.002,319.734 374.652,438.378 \"\/>\n\t\t\t<\/svg>\n\t\t<\/div>\n\t\n\t\n<\/div>\t<\/div>\r\n\t<div class='asl_data_container' style=\"display:none !important;\">\r\n\t\t<div class=\"asl_init_data wpdreams_asl_data_ct\"\r\n\t style=\"display:none !important;\"\r\n\t id=\"asl_init_id_1\"\r\n\t data-asl-id=\"1\"\r\n\t data-asl-instance=\"1\"\r\n\t data-asldata=\"ew0KCSJob21ldXJsIjogImh0dHBzOi8vd3d3LnNjZW5lMnJ1ZS5kZXYtbXVsaG91c2UuZnIvMi8iLA0KCSJyZXN1bHRzdHlwZSI6ICJ2ZXJ0aWNhbCIsDQoJInJlc3VsdHNwb3NpdGlvbiI6ICJob3ZlciIsDQoJIml0ZW1zY291bnQiOiA0LA0KCSJjaGFyY291bnQiOiAgMCwNCgkiaGlnaGxpZ2h0IjogMCwNCgkiaGlnaGxpZ2h0d2hvbGV3b3JkcyI6IDEsDQoJInNpbmdsZUhpZ2hsaWdodCI6IDAsDQoJInNjcm9sbFRvUmVzdWx0cyI6IHsNCgkJImVuYWJsZWQiOiAwLA0KCQkib2Zmc2V0IjogMA0KCX0sDQoJInJlc3VsdGFyZWFjbGlja2FibGUiOiAxLA0KCSJhdXRvY29tcGxldGUiOiB7DQoJCSJlbmFibGVkIiA6IDEsDQoJCSJsYW5nIiA6ICJlbiIsDQoJCSJ0cmlnZ2VyX2NoYXJjb3VudCIgOiAwDQoJfSwNCgkibW9iaWxlIjogew0KCQkibWVudV9zZWxlY3RvciI6ICIjbWVudS10b2dnbGUiDQoJfSwNCgkidHJpZ2dlciI6IHsNCgkJImNsaWNrIjogInJlc3VsdHNfcGFnZSIsDQoJCSJjbGlja19sb2NhdGlvbiI6ICJzYW1lIiwNCgkJInVwZGF0ZV9ocmVmIjogMCwNCgkJInJldHVybiI6ICJyZXN1bHRzX3BhZ2UiLA0KCQkicmV0dXJuX2xvY2F0aW9uIjogInNhbWUiLA0KCQkiZmFjZXQiOiAxLA0KCQkidHlwZSI6IDEsDQoJCSJyZWRpcmVjdF91cmwiOiAiP3M9e3BocmFzZX0iLA0KCQkiZGVsYXkiOiAzMDANCgl9LA0KICAgICJhbmltYXRpb25zIjogew0KICAgICAgICAicGMiOiB7DQogICAgICAgICAgICAic2V0dGluZ3MiOiB7DQogICAgICAgICAgICAgICAgImFuaW0iIDogImZhZGVkcm9wIiwNCiAgICAgICAgICAgICAgICAiZHVyIiAgOiAzMDANCiAgICAgICAgICAgIH0sDQogICAgICAgICAgICAicmVzdWx0cyIgOiB7DQoJCQkJImFuaW0iIDogImZhZGVkcm9wIiwNCgkJCQkiZHVyIiAgOiAzMDANCiAgICAgICAgICAgIH0sDQogICAgICAgICAgICAiaXRlbXMiIDogInZvaWRhbmltIg0KICAgICAgICB9LA0KICAgICAgICAibW9iIjogew0KICAgICAgICAgICAgInNldHRpbmdzIjogew0KICAgICAgICAgICAgICAgICJhbmltIiA6ICJmYWRlZHJvcCIsDQogICAgICAgICAgICAgICAgImR1ciIgIDogMzAwDQogICAgICAgICAgICB9LA0KICAgICAgICAgICAgInJlc3VsdHMiIDogew0KCQkJCSJhbmltIiA6ICJmYWRlZHJvcCIsDQoJCQkJImR1ciIgIDogMzAwDQogICAgICAgICAgICB9LA0KICAgICAgICAgICAgIml0ZW1zIiA6ICJ2b2lkYW5pbSINCiAgICAgICAgfQ0KICAgIH0sDQoJImF1dG9wIjogew0KCQkic3RhdGUiOiAiZGlzYWJsZWQiLA0KCQkicGhyYXNlIjogIiIsDQoJCSJjb3VudCI6IDEJfSwNCiAgICAicmVzUGFnZSI6IHsNCiAgICAgICAgInVzZUFqYXgiOiAwLA0KICAgICAgICAic2VsZWN0b3IiOiAiI21haW4iLA0KICAgICAgICAidHJpZ2dlcl90eXBlIjogMSwNCiAgICAgICAgInRyaWdnZXJfZmFjZXQiOiAxLA0KICAgICAgICAidHJpZ2dlcl9tYWduaWZpZXIiOiAwLA0KICAgICAgICAidHJpZ2dlcl9yZXR1cm4iOiAwICAgIH0sDQoJInJlc3VsdHNTbmFwVG8iOiAibGVmdCIsDQogICAgInJlc3VsdHMiOiB7DQogICAgICAgICJ3aWR0aCI6ICJhdXRvIiwNCiAgICAgICAgIndpZHRoX3RhYmxldCI6ICJhdXRvIiwNCiAgICAgICAgIndpZHRoX3Bob25lIjogImF1dG8iDQogICAgfSwNCgkic2V0dGluZ3NpbWFnZXBvcyI6ICJyaWdodCIsDQoJImNsb3NlT25Eb2NDbGljayI6IDEsDQoJIm92ZXJyaWRld3BkZWZhdWx0IjogMSwNCgkib3ZlcnJpZGVfbWV0aG9kIjogImdldCINCn0NCg==\"><\/div>\t<div id=\"asl_hidden_data\">\r\n\t\t<svg style=\"position:absolute\" height=\"0\" width=\"0\">\r\n\t\t\t<filter id=\"aslblur\">\r\n\t\t\t\t<feGaussianBlur in=\"SourceGraphic\" stdDeviation=\"4\"\/>\r\n\t\t\t<\/filter>\r\n\t\t<\/svg>\r\n\t\t<svg style=\"position:absolute\" height=\"0\" width=\"0\">\r\n\t\t\t<filter id=\"no_aslblur\"><\/filter>\r\n\t\t<\/svg>\r\n\t<\/div>\r\n\t<\/div>\r\n\r\n\t<div id='ajaxsearchliteres1'\n\t class='vertical wpdreams_asl_results asl_w asl_r asl_r_1 asl_r_1_1'>\n\n\t\n\t<div class=\"results\">\n\n\t\t\n\t\t<div class=\"resdrg\">\n\t\t<\/div>\n\n\t\t\n\t<\/div>\n\n\t\n\t\n<\/div>\n\r\n\t<div id='__original__ajaxsearchlitesettings1'\r\n\t\t data-id=\"1\"\r\n\t\t class=\"searchsettings wpdreams_asl_settings asl_w asl_s asl_s_1\">\r\n\t\t<form name='options'\n\t  aria-label=\"Search settings form\"\n\t  autocomplete = 'off'>\n\n\t\n\t\n\t<input type=\"hidden\" name=\"filters_changed\" style=\"display:none;\" value=\"0\">\n\t<input type=\"hidden\" name=\"filters_initial\" style=\"display:none;\" value=\"1\">\n\n\t<div class=\"asl_option_inner hiddend\">\n\t\t<input type='hidden' name='qtranslate_lang' id='qtranslate_lang1'\n\t\t\t   value='0'\/>\n\t<\/div>\n\n\t\n\t\n\t<fieldset class=\"asl_sett_scroll\">\n\t\t<legend style=\"display: none;\">Generic selectors<\/legend>\n\t\t<div class=\"asl_option\" tabindex=\"0\">\n\t\t\t<div class=\"asl_option_inner\">\n\t\t\t\t<input type=\"checkbox\" value=\"exact\"\n\t\t\t\t\t   aria-label=\"Exact matches only\"\n\t\t\t\t\t   name=\"asl_gen[]\" \/>\n\t\t\t\t<div class=\"asl_option_checkbox\"><\/div>\n\t\t\t<\/div>\n\t\t\t<div class=\"asl_option_label\">\n\t\t\t\tExact matches only\t\t\t<\/div>\n\t\t<\/div>\n\t\t<div class=\"asl_option\" tabindex=\"0\">\n\t\t\t<div class=\"asl_option_inner\">\n\t\t\t\t<input type=\"checkbox\" value=\"title\"\n\t\t\t\t\t   aria-label=\"Search in title\"\n\t\t\t\t\t   name=\"asl_gen[]\"  checked=\"checked\"\/>\n\t\t\t\t<div class=\"asl_option_checkbox\"><\/div>\n\t\t\t<\/div>\n\t\t\t<div class=\"asl_option_label\">\n\t\t\t\tSearch in title\t\t\t<\/div>\n\t\t<\/div>\n\t\t<div class=\"asl_option\" tabindex=\"0\">\n\t\t\t<div class=\"asl_option_inner\">\n\t\t\t\t<input type=\"checkbox\" value=\"content\"\n\t\t\t\t\t   aria-label=\"Search in content\"\n\t\t\t\t\t   name=\"asl_gen[]\"  checked=\"checked\"\/>\n\t\t\t\t<div class=\"asl_option_checkbox\"><\/div>\n\t\t\t<\/div>\n\t\t\t<div class=\"asl_option_label\">\n\t\t\t\tSearch in content\t\t\t<\/div>\n\t\t<\/div>\n\t\t<div class=\"asl_option_inner hiddend\">\n\t\t\t<input type=\"checkbox\" value=\"excerpt\"\n\t\t\t\t   aria-label=\"Search in excerpt\"\n\t\t\t\t   name=\"asl_gen[]\"  checked=\"checked\"\/>\n\t\t\t<div class=\"asl_option_checkbox\"><\/div>\n\t\t<\/div>\n\t<\/fieldset>\n\t<fieldset class=\"asl_sett_scroll\">\n\t\t<legend style=\"display: none;\">Post Type Selectors<\/legend>\n\t\t\t\t\t<div class=\"asl_option_inner hiddend\">\n\t\t\t\t<input type=\"checkbox\" value=\"post\"\n\t\t\t\t\t   aria-label=\"Hidden option, ignore please\"\n\t\t\t\t\t   name=\"customset[]\" checked=\"checked\"\/>\n\t\t\t<\/div>\n\t\t\t\t\t\t<div class=\"asl_option_inner hiddend\">\n\t\t\t\t<input type=\"checkbox\" value=\"page\"\n\t\t\t\t\t   aria-label=\"Hidden option, ignore please\"\n\t\t\t\t\t   name=\"customset[]\" checked=\"checked\"\/>\n\t\t\t<\/div>\n\t\t\t\t<\/fieldset>\n\t<\/form>\n\t<\/div>\r\n<\/div><\/div>\n\t\t\t\t\t\t<\/div>\n\t\t\t\t<\/div>\n\t\t\t\t<div class=\"elementor-element elementor-element-045f730 elementor-widget elementor-widget-shortcode\" data-id=\"045f730\" data-element_type=\"widget\" data-widget_type=\"shortcode.default\">\n\t\t\t\t<div class=\"elementor-widget-container\">\n\t\t\t\t\t\t\t<div class=\"elementor-shortcode\"><div class=\"mec-wrap mec-skin-grid-container  \" id=\"mec_skin_142\">\r\n\r\n    <form id=\"mec_search_form_142\" class=\"mec-search-form mec-totalcal-box mec-dropdown-classic\" autocomplete=\"off\"><div class=\"mec-dropdown-wrap\" ><div class=\"mec-dropdown-search\"><label for=\"mec_sf_category_142\">Cat\u00e9gorie: <\/label><i class=\"mec-sl-folder\"><\/i><select  name=' ' id='mec_sf_category_142' class='postform'>\n\t<option value='' selected='selected'>Cat\u00e9gorie<\/option>\n\t<option class=\"level-0\" value=\"6\">art<\/option>\n<\/select>\n<\/div><div class=\"mec-dropdown-search\"><label for=\"mec_sf_location_142\">Lieu: <\/label><i class=\"mec-sl-location-pin\"><\/i><select  name=' ' id='mec_sf_location_142' class='postform'>\n\t<option value='' selected='selected'>Lieu<\/option>\n\t<option class=\"level-0\" value=\"8\">Mulhouse<\/option>\n<\/select>\n<\/div><\/div><\/form>\r\n        <div class=\"mec-skin-grid-events-container\" id=\"mec_skin_events_142\">\r\n        Aucun \u00e9v\u00e9nement trouv\u00e9 !    <\/div>\r\n    \r\n    \r\n<\/div>\r\n<\/div>\n\t\t\t\t\t\t<\/div>\n\t\t\t\t<\/div>\n\t\t\t\t\t<\/div>\n\t\t\t\t<\/div>\n\t\t\t\t<\/div>\n\t\t","protected":false},"excerpt":{"rendered":"","protected":false},"author":1,"featured_media":0,"parent":0,"menu_order":0,"comment_status":"closed","ping_status":"closed","template":"","meta":{"footnotes":""},"class_list":["post-806","page","type-page","status-publish","hentry"],"_links":{"self":[{"href":"https:\/\/www.scene2rue.dev-mulhouse.fr\/2\/wp-json\/wp\/v2\/pages\/806","targetHints":{"allow":["GET"]}}],"collection":[{"href":"https:\/\/www.scene2rue.dev-mulhouse.fr\/2\/wp-json\/wp\/v2\/pages"}],"about":[{"href":"https:\/\/www.scene2rue.dev-mulhouse.fr\/2\/wp-json\/wp\/v2\/types\/page"}],"author":[{"embeddable":true,"href":"https:\/\/www.scene2rue.dev-mulhouse.fr\/2\/wp-json\/wp\/v2\/users\/1"}],"replies":[{"embeddable":true,"href":"https:\/\/www.scene2rue.dev-mulhouse.fr\/2\/wp-json\/wp\/v2\/comments?post=806"}],"version-history":[{"count":10,"href":"https:\/\/www.scene2rue.dev-mulhouse.fr\/2\/wp-json\/wp\/v2\/pages\/806\/revisions"}],"predecessor-version":[{"id":1023,"href":"https:\/\/www.scene2rue.dev-mulhouse.fr\/2\/wp-json\/wp\/v2\/pages\/806\/revisions\/1023"}],"wp:attachment":[{"href":"https:\/\/www.scene2rue.dev-mulhouse.fr\/2\/wp-json\/wp\/v2\/media?parent=806"}],"curies":[{"name":"wp","href":"https:\/\/api.w.org\/{rel}","templated":true}]}}