{"id":29,"date":"2025-04-12T08:29:28","date_gmt":"2025-04-12T06:29:28","guid":{"rendered":"http:\/\/www.scene2rue.dev-mulhouse.fr\/2\/?page_id=29"},"modified":"2025-04-13T16:32:38","modified_gmt":"2025-04-13T14:32:38","slug":"accueil-pro","status":"publish","type":"page","link":"https:\/\/www.scene2rue.dev-mulhouse.fr\/2\/accueil-pro\/","title":{"rendered":"Accueil pro"},"content":{"rendered":"\t\t<div data-elementor-type=\"wp-page\" data-elementor-id=\"29\" class=\"elementor elementor-29\" data-elementor-post-type=\"page\">\n\t\t\t\t<div class=\"elementor-element elementor-element-8d12756 e-flex e-con-boxed e-con e-parent\" data-id=\"8d12756\" data-element_type=\"container\">\n\t\t\t\t\t<div class=\"e-con-inner\">\n\t\t\t\t<div class=\"elementor-element elementor-element-261d380 elementor-widget elementor-widget-spacer\" data-id=\"261d380\" data-element_type=\"widget\" data-widget_type=\"spacer.default\">\n\t\t\t\t<div class=\"elementor-widget-container\">\n\t\t\t\t\t\t\t<div class=\"elementor-spacer\">\n\t\t\t<div class=\"elementor-spacer-inner\"><\/div>\n\t\t<\/div>\n\t\t\t\t\t\t<\/div>\n\t\t\t\t<\/div>\n\t\t\t\t<div class=\"elementor-element elementor-element-8fcc548 elementor-widget elementor-widget-text-editor\" data-id=\"8fcc548\" data-element_type=\"widget\" data-widget_type=\"text-editor.default\">\n\t\t\t\t<div class=\"elementor-widget-container\">\n\t\t\t\t\t\t\t\t\t<p><strong>Professionnels du secteur<\/strong><\/p><p>Le festival Sc\u00e8nes de rue est une plateforme de diffusion pour des projets f\u00e9d\u00e9rateurs mais aussi pour de nouvelles cr\u00e9ations, pour des \u00e9quipes artistiques qui s\u2019engagent \u00e0 cr\u00e9er pour l\u2019espace public, pour des exp\u00e9rimentations publiques et des projets singuliers.<\/p><p>Ces projets qui \u00e9mergent \u00e0 Mulhouse ont besoin du regard des professionnels, d\u2019\u00e9changes, de bienveillance ou de vraies critiques, de soutien et d\u2019accompagnement\u2026<\/p><p>Le festival est aussi un temps pour des rencontres professionnelles, des \u00e9changes informels, de vrais instants de convivialit\u00e9 et de surprises.<\/p><p>Vous avez la libert\u00e9 de venir comme tout un chacun, mais vous pouvez aussi annoncer votre venue, demander des conseils, \u00eatre guid\u00e9s, accueillis\u2026<\/p>\t\t\t\t\t\t\t\t<\/div>\n\t\t\t\t<\/div>\n\t\t\t\t\t<\/div>\n\t\t\t\t<\/div>\n\t\t\t\t<\/div>\n\t\t","protected":false},"excerpt":{"rendered":"<p>Professionnels du secteur Le festival Sc\u00e8nes de rue est une plateforme de diffusion pour des projets f\u00e9d\u00e9rateurs mais aussi pour de nouvelles cr\u00e9ations, pour des \u00e9quipes artistiques qui s\u2019engagent \u00e0 cr\u00e9er pour l\u2019espace public, pour des exp\u00e9rimentations publiques et des projets singuliers. Ces projets qui \u00e9mergent \u00e0 Mulhouse ont besoin du regard des professionnels, d\u2019\u00e9changes, [&hellip;]<\/p>\n","protected":false},"author":1,"featured_media":0,"parent":0,"menu_order":0,"comment_status":"closed","ping_status":"closed","template":"","meta":{"footnotes":""},"class_list":["post-29","page","type-page","status-publish","hentry"],"_links":{"self":[{"href":"https:\/\/www.scene2rue.dev-mulhouse.fr\/2\/wp-json\/wp\/v2\/pages\/29","targetHints":{"allow":["GET"]}}],"collection":[{"href":"https:\/\/www.scene2rue.dev-mulhouse.fr\/2\/wp-json\/wp\/v2\/pages"}],"about":[{"href":"https:\/\/www.scene2rue.dev-mulhouse.fr\/2\/wp-json\/wp\/v2\/types\/page"}],"author":[{"embeddable":true,"href":"https:\/\/www.scene2rue.dev-mulhouse.fr\/2\/wp-json\/wp\/v2\/users\/1"}],"replies":[{"embeddable":true,"href":"https:\/\/www.scene2rue.dev-mulhouse.fr\/2\/wp-json\/wp\/v2\/comments?post=29"}],"version-history":[{"count":5,"href":"https:\/\/www.scene2rue.dev-mulhouse.fr\/2\/wp-json\/wp\/v2\/pages\/29\/revisions"}],"predecessor-version":[{"id":868,"href":"https:\/\/www.scene2rue.dev-mulhouse.fr\/2\/wp-json\/wp\/v2\/pages\/29\/revisions\/868"}],"wp:attachment":[{"href":"https:\/\/www.scene2rue.dev-mulhouse.fr\/2\/wp-json\/wp\/v2\/media?parent=29"}],"curies":[{"name":"wp","href":"https:\/\/api.w.org\/{rel}","templated":true}]}}