{"id":27,"date":"2025-04-12T08:29:15","date_gmt":"2025-04-12T06:29:15","guid":{"rendered":"http:\/\/www.scene2rue.dev-mulhouse.fr\/2\/?page_id=27"},"modified":"2025-04-25T12:20:19","modified_gmt":"2025-04-25T10:20:19","slug":"infos-pratiques","status":"publish","type":"page","link":"https:\/\/www.scene2rue.dev-mulhouse.fr\/2\/infos-pratiques\/","title":{"rendered":"Infos pratiques"},"content":{"rendered":"\t\t<div data-elementor-type=\"wp-page\" data-elementor-id=\"27\" class=\"elementor elementor-27\" data-elementor-post-type=\"page\">\n\t\t\t\t<div class=\"elementor-element elementor-element-61dee299 e-flex e-con-boxed e-con e-parent\" data-id=\"61dee299\" data-element_type=\"container\">\n\t\t\t\t\t<div class=\"e-con-inner\">\n\t\t\t\t<div class=\"elementor-element elementor-element-259b951 elementor-widget elementor-widget-spacer\" data-id=\"259b951\" data-element_type=\"widget\" data-widget_type=\"spacer.default\">\n\t\t\t\t<div class=\"elementor-widget-container\">\n\t\t\t\t\t\t\t<div class=\"elementor-spacer\">\n\t\t\t<div class=\"elementor-spacer-inner\"><\/div>\n\t\t<\/div>\n\t\t\t\t\t\t<\/div>\n\t\t\t\t<\/div>\n\t\t\t\t<div class=\"elementor-element elementor-element-53aee38b elementor-widget elementor-widget-elementskit-heading\" data-id=\"53aee38b\" data-element_type=\"widget\" data-widget_type=\"elementskit-heading.default\">\n\t\t\t\t<div class=\"elementor-widget-container\">\n\t\t\t\t\t<div class=\"ekit-wid-con\" ><div class=\"ekit-heading elementskit-section-title-wraper text_left   ekit_heading_tablet-   ekit_heading_mobile-\"><h2 class=\"ekit-heading--title elementskit-section-title \">venir et se <span><span>d\u00e9placer<\/span><\/span><\/h2><div class=\"ekit_heading_separetor_wraper ekit_heading_elementskit-border-star\"><div class=\"elementskit-border-star\"><\/div><\/div><\/div><\/div>\t\t\t\t<\/div>\n\t\t\t\t<\/div>\n\t\t\t\t<div class=\"elementor-element elementor-element-e367490 elementor-widget elementor-widget-spacer\" data-id=\"e367490\" data-element_type=\"widget\" data-widget_type=\"spacer.default\">\n\t\t\t\t<div class=\"elementor-widget-container\">\n\t\t\t\t\t\t\t<div class=\"elementor-spacer\">\n\t\t\t<div class=\"elementor-spacer-inner\"><\/div>\n\t\t<\/div>\n\t\t\t\t\t\t<\/div>\n\t\t\t\t<\/div>\n\t\t\t\t\t<\/div>\n\t\t\t\t<\/div>\n\t\t<div class=\"elementor-element elementor-element-a6fd252 e-flex e-con-boxed e-con e-parent\" data-id=\"a6fd252\" data-element_type=\"container\">\n\t\t\t\t\t<div class=\"e-con-inner\">\n\t\t\t\t<div class=\"elementor-element elementor-element-88008b8 elementor-widget elementor-widget-elementskit-simple-tab\" data-id=\"88008b8\" data-element_type=\"widget\" data-widget_type=\"elementskit-simple-tab.default\">\n\t\t\t\t<div class=\"elementor-widget-container\">\n\t\t\t\t\t<div class=\"ekit-wid-con\" >        <div class=\"elementkit-tab-wraper   elementskit-fitcontent-tab \">\n            <ul class=\"nav nav-tabs elementkit-tab-nav \">\n                                    <li class=\"elementkit-nav-item elementor-repeater-item-8830db0\">\n                        <a class=\"elementkit-nav-link  active show left-pos\" id=\"content-8830db069d29b8e8c9ee-tab\" data-ekit-handler-id=\"le-compte-mobilit-\" data-ekit-toggle=\"tab\" data-target=\"#content-8830db069d29b8e8c9ee\" href=\"#Content-8830db069d29b8e8c9ee\"\n                            data-ekit-toggle-trigger=\"click\"\n                            aria-describedby=\"Content-8830db069d29b8e8c9ee\">\n                            <span class=\"icon icon-apps elementskit-tab-icon\"><\/span>                            <span class=\"elementskit-tab-title\"> Le compte mobilit\u00e9<\/span>\n                        <\/a>\n                    <\/li>\n                                        <li class=\"elementkit-nav-item elementor-repeater-item-3d48c7d\">\n                        <a class=\"elementkit-nav-link  left-pos\" id=\"content-3d48c7d69d29b8e8c9ee-tab\" data-ekit-handler-id=\"en-v-lo\" data-ekit-toggle=\"tab\" data-target=\"#content-3d48c7d69d29b8e8c9ee\" href=\"#Content-3d48c7d69d29b8e8c9ee\"\n                            data-ekit-toggle-trigger=\"click\"\n                            aria-describedby=\"Content-3d48c7d69d29b8e8c9ee\">\n                            <span class=\"icon icon-bicycle elementskit-tab-icon\"><\/span>                            <span class=\"elementskit-tab-title\"> En v\u00e9lo<\/span>\n                        <\/a>\n                    <\/li>\n                                        <li class=\"elementkit-nav-item elementor-repeater-item-b10a17b\">\n                        <a class=\"elementkit-nav-link  left-pos\" id=\"content-b10a17b69d29b8e8c9ee-tab\" data-ekit-handler-id=\"-en-transport-en-commun\" data-ekit-toggle=\"tab\" data-target=\"#content-b10a17b69d29b8e8c9ee\" href=\"#Content-b10a17b69d29b8e8c9ee\"\n                            data-ekit-toggle-trigger=\"click\"\n                            aria-describedby=\"Content-b10a17b69d29b8e8c9ee\">\n                            <span class=\"icon icon-bus elementskit-tab-icon\"><\/span>                            <span class=\"elementskit-tab-title\">  En transport en commun<\/span>\n                        <\/a>\n                    <\/li>\n                                        <li class=\"elementkit-nav-item elementor-repeater-item-4d02ff7\">\n                        <a class=\"elementkit-nav-link  left-pos\" id=\"content-4d02ff769d29b8e8c9ee-tab\" data-ekit-handler-id=\"en-voiture\" data-ekit-toggle=\"tab\" data-target=\"#content-4d02ff769d29b8e8c9ee\" href=\"#Content-4d02ff769d29b8e8c9ee\"\n                            data-ekit-toggle-trigger=\"click\"\n                            aria-describedby=\"Content-4d02ff769d29b8e8c9ee\">\n                            <span class=\"icon icon-car-1 elementskit-tab-icon\"><\/span>                            <span class=\"elementskit-tab-title\"> En voiture<\/span>\n                        <\/a>\n                    <\/li>\n                                        <li class=\"elementkit-nav-item elementor-repeater-item-3ac3418\">\n                        <a class=\"elementkit-nav-link  left-pos\" id=\"content-3ac341869d29b8e8c9ee-tab\" data-ekit-handler-id=\"circulation-et-stationnement-au-centre-ville\" data-ekit-toggle=\"tab\" data-target=\"#content-3ac341869d29b8e8c9ee\" href=\"#Content-3ac341869d29b8e8c9ee\"\n                            data-ekit-toggle-trigger=\"click\"\n                            aria-describedby=\"Content-3ac341869d29b8e8c9ee\">\n                            <span class=\"fas fa-parking elementskit-tab-icon\"><\/span>                            <span class=\"elementskit-tab-title\"> Circulation et stationnement au centre-ville<\/span>\n                        <\/a>\n                    <\/li>\n                                        <li class=\"elementkit-nav-item elementor-repeater-item-bfcf0d9\">\n                        <a class=\"elementkit-nav-link  left-pos\" id=\"content-bfcf0d969d29b8e8c9ee-tab\" data-ekit-handler-id=\"se-d-placer-pendant-le-festival\" data-ekit-toggle=\"tab\" data-target=\"#content-bfcf0d969d29b8e8c9ee\" href=\"#Content-bfcf0d969d29b8e8c9ee\"\n                            data-ekit-toggle-trigger=\"click\"\n                            aria-describedby=\"Content-bfcf0d969d29b8e8c9ee\">\n                            <span class=\"icon icon-pointer-right elementskit-tab-icon\"><\/span>                            <span class=\"elementskit-tab-title\"> Se d\u00e9placer pendant le festival<\/span>\n                        <\/a>\n                    <\/li>\n                                        <li class=\"elementkit-nav-item elementor-repeater-item-621d5dc\">\n                        <a class=\"elementkit-nav-link  left-pos\" id=\"content-621d5dc69d29b8e8c9ee-tab\" data-ekit-handler-id=\"accessibilit-pmr\" data-ekit-toggle=\"tab\" data-target=\"#content-621d5dc69d29b8e8c9ee\" href=\"#Content-621d5dc69d29b8e8c9ee\"\n                            data-ekit-toggle-trigger=\"click\"\n                            aria-describedby=\"Content-621d5dc69d29b8e8c9ee\">\n                            <span class=\"fas fa-universal-access elementskit-tab-icon\"><\/span>                            <span class=\"elementskit-tab-title\"> Accessibilit\u00e9 PMR<\/span>\n                        <\/a>\n                    <\/li>\n                                <\/ul>\n\n            <div class=\"tab-content elementkit-tab-content\">\n                                    <div class=\"tab-pane elementkit-tab-pane elementor-repeater-item-8830db0  active show\" id=\"content-8830db069d29b8e8c9ee\" role=\"tabpanel\"\n                         aria-labelledby=\"content-8830db069d29b8e8c9ee-tab\">\n                        <div class=\"animated fadeIn\">\n                            <p><strong>Pour vos d\u00e9placements, utilisez l\u2019application Compte Mobilit\u00e9 et acc\u00e9dez au tram, bus et v\u00e9los en libre-service !<\/strong><br \/>Le Compte Mobilit\u00e9 est l\u2019application gratuite de m2A qui vous donne acc\u00e8s \u00e0 tous les modes de d\u00e9placements de l\u2019agglom\u00e9ration : bus et tram Sol\u00e9a, v\u00e9los en libre service V\u00e9loCit\u00e9, location longue dur\u00e9e et gardiennage de v\u00e9lo M\u00e9diacycles et aussi autopartage Citiz.<br \/>Pour vous rendre aux diff\u00e9rents spectacles, le r\u00e9seau Sol\u00e9a ainsi que les v\u00e9los en libre service V\u00e9loCit\u00e9 sont \u00e0 privil\u00e9gier, tous les sites du festival \u00e9tant situ\u00e9s \u00e0 proximit\u00e9 de ces 2 services. Le service V\u00e9loCit\u00e9 s\u2019associe \u00e0 nouveau au festival et propose l\u2019abonnement gratuit via le Compte Mobilit\u00e9 du 4 au 7 juillet. Vous pourrez circuler gratuitement durant les 30 premi\u00e8res minutes de chaque trajet (au-del\u00e0 une tarification horaire s\u2019applique, dans la limite de 24h).<br \/>T\u00e9l\u00e9chargez gratuitement l\u2019application, cr\u00e9ez votre compte et choisissez le service que vous souhaitez : Bus &amp; tram ou V\u00e9lo en Libre-Service. Il ne vous reste plus qu\u2019\u00e0 l\u2019activer et \u00e0 utiliser le service.<br \/>Toutes les infos sur l\u2019application Compte Mobilit\u00e9 sont disponibles ici &gt;\u00a0<a href=\"https:\/\/www.compte-mobilite.fr\/comment-ca-marche\/\">Comment \u00e7a marche | Compte Mobilit\u00e9<\/a><\/p>                        <\/div>\n                    <\/div>\n                                    <div class=\"tab-pane elementkit-tab-pane elementor-repeater-item-3d48c7d \" id=\"content-3d48c7d69d29b8e8c9ee\" role=\"tabpanel\"\n                         aria-labelledby=\"content-3d48c7d69d29b8e8c9ee-tab\">\n                        <div class=\"animated fadeIn\">\n                            <p>Pour vous d\u00e9placer \u00e0 v\u00e9lo, trouvez votre chemin sur la\u00a0<a href=\"https:\/\/www.mulhouse-alsace.fr\/wp-content\/uploads\/2021\/10\/2021-Carte-randos-velos-.pdf\">carte des am\u00e9nagements cyclables de M2A<\/a>\u00a0ou sur l\u2019espace\u00a0<a href=\"https:\/\/www.mulhouse-alsace.fr\/mobilites\/velo\/circuits-velo\/\">v\u00e9lo de M2A.<\/a><\/p>                        <\/div>\n                    <\/div>\n                                    <div class=\"tab-pane elementkit-tab-pane elementor-repeater-item-b10a17b \" id=\"content-b10a17b69d29b8e8c9ee\" role=\"tabpanel\"\n                         aria-labelledby=\"content-b10a17b69d29b8e8c9ee-tab\">\n                        <div class=\"animated fadeIn\">\n                            <p>Pour vos d\u00e9placements, privil\u00e9giez les transports en commun ou le\u00a0<a href=\"https:\/\/www.covievent.org\/covoiturage\/scenes-de-rue-2022-festival-des-arts-de-la-rue\/4d3b60d2b05cb0797e3dbc097e665d2c\">covoiturage<\/a>.<br \/>Comment souscrire au service Bus &amp; Tram Sol\u00e9a &gt;\u00a0<a href=\"https:\/\/www.compte-mobilite.fr\/services\/bus-et-tram\/\">Bus et Tram | Compte Mobilit\u00e9 (compte-mobilite.fr)<\/a><br \/>Vous pouvez trouver votre chemin sur le\u00a0<a href=\"https:\/\/www.solea.info\/se-deplacer\/horaires-des-lignes\/votre-itineraire\">calculateur d\u2019itin\u00e9raire de SOLEA<\/a>.<\/p>                        <\/div>\n                    <\/div>\n                                    <div class=\"tab-pane elementkit-tab-pane elementor-repeater-item-4d02ff7 \" id=\"content-4d02ff769d29b8e8c9ee\" role=\"tabpanel\"\n                         aria-labelledby=\"content-4d02ff769d29b8e8c9ee-tab\">\n                        <div class=\"animated fadeIn\">\n                            <p>Pour vos d\u00e9placements, privil\u00e9giez le covoiturage via notre page d\u00e9di\u00e9e au covoiturage pour le festival Sc\u00e8nes de rue :\u00a0<a href=\"https:\/\/www.covievent.org\/covoiturage\/scenes-de-rue-2022-festival-des-arts-de-la-rue\/4d3b60d2b05cb0797e3dbc097e665d2c\">Site de covoiturage<\/a>.<br \/>Profitez des\u00a0<a href=\"http:\/\/www.solea.info\/se-deplacer\/parking-relais-ptram\">parkings relais<\/a>\u00a0avec l\u2019offre Parking + Transport en commun \u00e0 2\u20ac : stationnez votre voiture au P+TRAM Nouveau Bassin ou P+TRAM Universit\u00e9 pour la journ\u00e9e ET profitez d\u2019un aller-retour en bus ou tram.<\/p>                        <\/div>\n                    <\/div>\n                                    <div class=\"tab-pane elementkit-tab-pane elementor-repeater-item-3ac3418 \" id=\"content-3ac341869d29b8e8c9ee\" role=\"tabpanel\"\n                         aria-labelledby=\"content-3ac341869d29b8e8c9ee-tab\">\n                        <div class=\"animated fadeIn\">\n                            <p>Pour trouver o\u00f9 se garer, retrouvez dans les\u00a0<a href=\"http:\/\/www.mulhouse.fr\/fr\/tarifs-de-stationnement\/\">offres de stationnement<\/a>, les stationnements gratuits, forfaits attractifs, paiement via mobile\u2026<\/p>                        <\/div>\n                    <\/div>\n                                    <div class=\"tab-pane elementkit-tab-pane elementor-repeater-item-bfcf0d9 \" id=\"content-bfcf0d969d29b8e8c9ee\" role=\"tabpanel\"\n                         aria-labelledby=\"content-bfcf0d969d29b8e8c9ee-tab\">\n                        <div class=\"animated fadeIn\">\n                            <p>En centre-ville, suivez la signal\u00e9tique pour trouver les lieux des diff\u00e9rents spectacles.<br \/>V\u00e9loCit\u00e9, abonnement gratuit durant Sc\u00e8nes de rue<br \/>Sur place V\u00e9loCit\u00e9, le v\u00e9lo en libre-service est le moyen de d\u00e9placement id\u00e9al pour se rendre d\u2019un spectacle \u00e0 l\u2019autre rapidement. Tous les sites du festival sont situ\u00e9s \u00e0 proximit\u00e9 d\u2019une station V\u00e9loCit\u00e9. Le service V\u00e9loCit\u00e9 s\u2019associe au festival et propose l\u2019abonnement gratuit via\u00a0<a href=\"https:\/\/www.compte-mobilite.fr\/telecharger-lapplication\/\">le Compte Mobilit\u00e9<\/a>\u00a0du 4 au 7 juillet. Vous pourrez circuler gratuitement durant les 30 premi\u00e8res minutes de chaque trajet (au-del\u00e0 une tarification horaire s\u2019applique, dans la limite de 24h).<br \/>Comment souscrire au service V\u00e9loCit\u00e9 &gt;\u00a0<a href=\"https:\/\/www.compte-mobilite.fr\/services\/velos-en-libre-service\/\">V\u00e9los en libre-service | Compte Mobilit\u00e9 (compte-mobilite.fr)<\/a><br \/>Retrouvez la liste des stations V\u00e9loCit\u00e9\u00a0<a href=\"https:\/\/www.compte-mobilite.fr\/wp-inside\/uploads\/2020\/03\/liste-des-stations-velocite.pdf\">ici<\/a>.<\/p><p>Vous utilisez votre v\u00e9lo personnel ? Des arceaux \u00e0 v\u00e9los sont \u00e0 votre disposition partout au centre-ville.<\/p>                        <\/div>\n                    <\/div>\n                                    <div class=\"tab-pane elementkit-tab-pane elementor-repeater-item-621d5dc \" id=\"content-621d5dc69d29b8e8c9ee\" role=\"tabpanel\"\n                         aria-labelledby=\"content-621d5dc69d29b8e8c9ee-tab\">\n                        <div class=\"animated fadeIn\">\n                            <p>Le festival est accessible aux personnes \u00e0 mobilit\u00e9 r\u00e9duite.<br \/>Sur les sites de chaque spectacle, notre \u00e9quipe Accueil Public est pr\u00e9sente pour vous accueillir et vous placer.<br \/>Pour venir en transports en commun, vous pouvez consulter le\u00a0<a href=\"https:\/\/www.solea.info\/sites\/default\/files\/media\/Plans\/web%20Solea%20PMR%20sept2021.pdf\">plan du r\u00e9seau accessible aux personnes \u00e0 mobilit\u00e9 r\u00e9duite<\/a>\u00a0et pour plus de pr\u00e9cisions, la page d\u00e9di\u00e9e \u00e0\u00a0<a href=\"https:\/\/www.solea.info\/se-deplacer\/accessibilite\/un-reseau-accessible\">l\u2019accessibilit\u00e9 du r\u00e9seau<\/a>\u00a0de SOLEA.<br \/>Pour vous d\u00e9placer en ville, vous pouvez consulter la\u00a0<a href=\"https:\/\/www.mulhouse.fr\/mon-quotidien\/personnes-handicapees\/voirie-et-batiment-publics\/\">page d\u00e9di\u00e9e<\/a>\u00a0de Mulhouse.<\/p>                        <\/div>\n                    <\/div>\n                                \n            <\/div>\n                    <\/div>\n    <\/div>\t\t\t\t<\/div>\n\t\t\t\t<\/div>\n\t\t\t\t<div class=\"elementor-element elementor-element-c533e25 elementor-widget elementor-widget-spacer\" data-id=\"c533e25\" data-element_type=\"widget\" data-widget_type=\"spacer.default\">\n\t\t\t\t<div class=\"elementor-widget-container\">\n\t\t\t\t\t\t\t<div class=\"elementor-spacer\">\n\t\t\t<div class=\"elementor-spacer-inner\"><\/div>\n\t\t<\/div>\n\t\t\t\t\t\t<\/div>\n\t\t\t\t<\/div>\n\t\t\t\t\t<\/div>\n\t\t\t\t<\/div>\n\t\t<div class=\"elementor-element elementor-element-42774a3 e-flex e-con-boxed e-con e-parent\" data-id=\"42774a3\" data-element_type=\"container\">\n\t\t\t\t\t<div class=\"e-con-inner\">\n\t\t\t\t<div class=\"elementor-element elementor-element-d3102d4 elementor-widget elementor-widget-elementskit-heading\" data-id=\"d3102d4\" data-element_type=\"widget\" data-widget_type=\"elementskit-heading.default\">\n\t\t\t\t<div class=\"elementor-widget-container\">\n\t\t\t\t\t<div class=\"ekit-wid-con\" ><div class=\"ekit-heading elementskit-section-title-wraper text_left   ekit_heading_tablet-   ekit_heading_mobile-\"><h2 class=\"ekit-heading--title elementskit-section-title \">Le manuel du  <span><span>festivalier<\/span><\/span><\/h2><div class=\"ekit_heading_separetor_wraper ekit_heading_elementskit-border-star\"><div class=\"elementskit-border-star\"><\/div><\/div><\/div><\/div>\t\t\t\t<\/div>\n\t\t\t\t<\/div>\n\t\t\t\t<div class=\"elementor-element elementor-element-798dd52 elementor-widget elementor-widget-spacer\" data-id=\"798dd52\" data-element_type=\"widget\" data-widget_type=\"spacer.default\">\n\t\t\t\t<div class=\"elementor-widget-container\">\n\t\t\t\t\t\t\t<div class=\"elementor-spacer\">\n\t\t\t<div class=\"elementor-spacer-inner\"><\/div>\n\t\t<\/div>\n\t\t\t\t\t\t<\/div>\n\t\t\t\t<\/div>\n\t\t\t\t<div class=\"elementor-element elementor-element-502d3f6 elementor-widget elementor-widget-elementskit-simple-tab\" data-id=\"502d3f6\" data-element_type=\"widget\" data-widget_type=\"elementskit-simple-tab.default\">\n\t\t\t\t<div class=\"elementor-widget-container\">\n\t\t\t\t\t<div class=\"ekit-wid-con\" >        <div class=\"elementkit-tab-wraper   elementskit-fitcontent-tab \">\n            <ul class=\"nav nav-tabs elementkit-tab-nav \">\n                                    <li class=\"elementkit-nav-item elementor-repeater-item-cc29732\">\n                        <a class=\"elementkit-nav-link  active show left-pos\" id=\"content-cc2973269d29b8e92416-tab\" data-ekit-handler-id=\"point-info-et-accueil-du-public-\" data-ekit-toggle=\"tab\" data-target=\"#content-cc2973269d29b8e92416\" href=\"#Content-cc2973269d29b8e92416\"\n                            data-ekit-toggle-trigger=\"click\"\n                            aria-describedby=\"Content-cc2973269d29b8e92416\">\n                            <span class=\"icon icon-information elementskit-tab-icon\"><\/span>                            <span class=\"elementskit-tab-title\"> Point info et accueil du public <\/span>\n                        <\/a>\n                    <\/li>\n                                        <li class=\"elementkit-nav-item elementor-repeater-item-b10a17b\">\n                        <a class=\"elementkit-nav-link  left-pos\" id=\"content-b10a17b69d29b8e92416-tab\" data-ekit-handler-id=\"jauge-limit-e-\" data-ekit-toggle=\"tab\" data-target=\"#content-b10a17b69d29b8e92416\" href=\"#Content-b10a17b69d29b8e92416\"\n                            data-ekit-toggle-trigger=\"click\"\n                            aria-describedby=\"Content-b10a17b69d29b8e92416\">\n                            <span class=\"icon icon-flag elementskit-tab-icon\"><\/span>                            <span class=\"elementskit-tab-title\"> Jauge limit\u00e9e <\/span>\n                        <\/a>\n                    <\/li>\n                                <\/ul>\n\n            <div class=\"tab-content elementkit-tab-content\">\n                                    <div class=\"tab-pane elementkit-tab-pane elementor-repeater-item-cc29732  active show\" id=\"content-cc2973269d29b8e92416\" role=\"tabpanel\"\n                         aria-labelledby=\"content-cc2973269d29b8e92416-tab\">\n                        <div class=\"animated fadeIn\">\n                            <h1><strong style=\"font-size: 16px;\">INFORMATION &amp; ACCUEIL POINT INFO<\/strong><\/h1><div id=\"accordion\"><p>Place Dreyfus : Vendredi 16h-22h &amp; Samedi 11h-22h<br \/>Parc Salvator : Vendredi 16h-22h &amp; Samedi 14h-22h<\/p><p>Vous y trouverez le programme et toutes les informations pour profiter de votre festival. Sur les sites de chaque spectacle, notre \u00e9quipe Accueil Public est pr\u00e9sente pour vous accompagner. Tous les spectacles pr\u00e9sent\u00e9s sont gratuits mais \u00e0 g\u00e9om\u00e9trie variable.<br \/>Petits ou grands, intimes ou spectaculaires, fixes ou en d\u00e9ambulation, l\u2019accueil du public est adapt\u00e9 en fonction. Merci de respecter les consignes qui sont donn\u00e9es.<br \/>Certains spectacles sont pr\u00e9vus pour une jauge limit\u00e9e. Dans ce cas, les billets sont \u00e0 retirer directement sur site 30 min avant le d\u00e9but de la repr\u00e9sentation.<br \/>La consommation de nourriture et de boissons est interdite pendant les repr\u00e9sentations.<\/p><p>Le festival est accessible aux personnes \u00e0 mobilit\u00e9 r\u00e9duite.<br \/>Des spectacles sont accessibles pour les personnes malentendantes.<\/p><p><strong>FOCUS JEUNE PUBLIC<\/strong><br \/>Apr\u00e8s une exp\u00e9rimentation en 2023, Sc\u00e8nes de rue revient au format habituel nourri d\u2019une r\u00e9flexion sur la cr\u00e9ation Jeune Public dans l\u2019espace public. Ce qui se formalise par une programmation labellis\u00e9e \u00ab PopUp! \u00bb qui s\u2019adresse aux enfants et \u00e0 leur famille, l\u2019impression d\u2019un livret pour accompagner les enfants dans une d\u00e9marche de spectateurs, et enfin un accueil adapt\u00e9 sur les sites de repr\u00e9sentation.<\/p><p><strong>FESTIVAL RESPONSABLE RIME AVEC FESTIVALIERS RESPONSABLES<\/strong><br \/>Tri des d\u00e9chets, toilettes s\u00e8ches, suppression du plastique, mobilit\u00e9 douce : le festival agit pour r\u00e9duire son empreinte carbone ! Voici quelques gestes simples pour relever le d\u00e9fi \u00e0 nos c\u00f4t\u00e9s :<\/p><p>Pour vos d\u00e9placements, utilisez l\u2019application Compte Mobilit\u00e9 et acc\u00e9dez au tram, bus et v\u00e9los en libre-service !<br \/>Consommer local : Des foodtrucks locaux seront pr\u00e9sents sur le festival pour vous proposer de bons produits du coin.<br \/>R\u00e9duire le plastique : Merci de faire attention aux emballages. N\u2019oubliez pas vos gourdes, l\u2019eau de Mulhouse est une eau de tr\u00e8s bonne qualit\u00e9. Profitez-en ! Vous trouverez de nombreux points d\u2019eau gratuits dans l\u2019espace public.<br \/>Trier vos d\u00e9chets : Le festival s\u2019est associ\u00e9 \u00e0 Hop\u00e9ration pour vous accompagner dans vos gestes de tri. Pour cela, vous trouverez des zones d\u00e9di\u00e9es, \u00e0 chaque espace am\u00e9nag\u00e9 par le festival.<\/p><\/div>                        <\/div>\n                    <\/div>\n                                    <div class=\"tab-pane elementkit-tab-pane elementor-repeater-item-b10a17b \" id=\"content-b10a17b69d29b8e92416\" role=\"tabpanel\"\n                         aria-labelledby=\"content-b10a17b69d29b8e92416-tab\">\n                        <div class=\"animated fadeIn\">\n                                                    <\/div>\n                    <\/div>\n                                \n            <\/div>\n                    <\/div>\n    <\/div>\t\t\t\t<\/div>\n\t\t\t\t<\/div>\n\t\t\t\t<div class=\"elementor-element elementor-element-7f2b692 elementor-widget elementor-widget-spacer\" data-id=\"7f2b692\" data-element_type=\"widget\" data-widget_type=\"spacer.default\">\n\t\t\t\t<div class=\"elementor-widget-container\">\n\t\t\t\t\t\t\t<div class=\"elementor-spacer\">\n\t\t\t<div class=\"elementor-spacer-inner\"><\/div>\n\t\t<\/div>\n\t\t\t\t\t\t<\/div>\n\t\t\t\t<\/div>\n\t\t\t\t\t<\/div>\n\t\t\t\t<\/div>\n\t\t\t\t<\/div>\n\t\t","protected":false},"excerpt":{"rendered":"<p>venir et se d\u00e9placer Le compte mobilit\u00e9 En v\u00e9lo En transport en commun En voiture Circulation et stationnement au centre-ville Se d\u00e9placer pendant le festival Accessibilit\u00e9 PMR Pour vos d\u00e9placements, utilisez l\u2019application Compte Mobilit\u00e9 et acc\u00e9dez au tram, bus et v\u00e9los en libre-service !Le Compte Mobilit\u00e9 est l\u2019application gratuite de m2A qui vous donne acc\u00e8s [&hellip;]<\/p>\n","protected":false},"author":1,"featured_media":0,"parent":0,"menu_order":0,"comment_status":"closed","ping_status":"closed","template":"","meta":{"footnotes":""},"class_list":["post-27","page","type-page","status-publish","hentry"],"_links":{"self":[{"href":"https:\/\/www.scene2rue.dev-mulhouse.fr\/2\/wp-json\/wp\/v2\/pages\/27","targetHints":{"allow":["GET"]}}],"collection":[{"href":"https:\/\/www.scene2rue.dev-mulhouse.fr\/2\/wp-json\/wp\/v2\/pages"}],"about":[{"href":"https:\/\/www.scene2rue.dev-mulhouse.fr\/2\/wp-json\/wp\/v2\/types\/page"}],"author":[{"embeddable":true,"href":"https:\/\/www.scene2rue.dev-mulhouse.fr\/2\/wp-json\/wp\/v2\/users\/1"}],"replies":[{"embeddable":true,"href":"https:\/\/www.scene2rue.dev-mulhouse.fr\/2\/wp-json\/wp\/v2\/comments?post=27"}],"version-history":[{"count":41,"href":"https:\/\/www.scene2rue.dev-mulhouse.fr\/2\/wp-json\/wp\/v2\/pages\/27\/revisions"}],"predecessor-version":[{"id":1035,"href":"https:\/\/www.scene2rue.dev-mulhouse.fr\/2\/wp-json\/wp\/v2\/pages\/27\/revisions\/1035"}],"wp:attachment":[{"href":"https:\/\/www.scene2rue.dev-mulhouse.fr\/2\/wp-json\/wp\/v2\/media?parent=27"}],"curies":[{"name":"wp","href":"https:\/\/api.w.org\/{rel}","templated":true}]}}