{"id":23,"date":"2025-04-12T08:28:33","date_gmt":"2025-04-12T06:28:33","guid":{"rendered":"http:\/\/www.scene2rue.dev-mulhouse.fr\/2\/?page_id=23"},"modified":"2025-04-12T17:42:16","modified_gmt":"2025-04-12T15:42:16","slug":"le-festival","status":"publish","type":"page","link":"https:\/\/www.scene2rue.dev-mulhouse.fr\/2\/le-festival\/","title":{"rendered":"Le festival"},"content":{"rendered":"\t\t<div data-elementor-type=\"wp-page\" data-elementor-id=\"23\" class=\"elementor elementor-23\" data-elementor-post-type=\"page\">\n\t\t\t\t<div class=\"elementor-element elementor-element-3f5f08d e-flex e-con-boxed e-con e-parent\" data-id=\"3f5f08d\" data-element_type=\"container\">\n\t\t\t\t\t<div class=\"e-con-inner\">\n\t\t<div class=\"elementor-element elementor-element-80d47a1 e-con-full e-flex e-con e-child\" data-id=\"80d47a1\" data-element_type=\"container\">\n\t\t\t\t<div class=\"elementor-element elementor-element-8709b07 elementor-widget elementor-widget-image\" data-id=\"8709b07\" data-element_type=\"widget\" data-widget_type=\"image.default\">\n\t\t\t\t<div class=\"elementor-widget-container\">\n\t\t\t\t\t\t\t\t\t\t\t\t\t\t\t<img decoding=\"async\" width=\"270\" height=\"140\" src=\"https:\/\/www.scene2rue.dev-mulhouse.fr\/2\/wp-content\/uploads\/2025\/04\/Spectralex-Diane-Bonnot_Tu-me-reconnais@Sofi-Nadler_VIg.jpg\" class=\"attachment-full size-full wp-image-53\" alt=\"\" \/>\t\t\t\t\t\t\t\t\t\t\t\t\t\t\t<\/div>\n\t\t\t\t<\/div>\n\t\t\t\t<\/div>\n\t\t<div class=\"elementor-element elementor-element-9958724 e-con-full e-flex e-con e-child\" data-id=\"9958724\" data-element_type=\"container\">\n\t\t\t\t<div class=\"elementor-element elementor-element-b08026d elementor-widget elementor-widget-text-editor\" data-id=\"b08026d\" data-element_type=\"widget\" data-widget_type=\"text-editor.default\">\n\t\t\t\t<div class=\"elementor-widget-container\">\n\t\t\t\t\t\t\t\t\t<p>Chaque ann\u00e9e, en juillet, Mulhouse devient un laboratoire artistique urbain tourn\u00e9 vers les arts de la rue traditionnels et renouvel\u00e9s.<\/p><p>Rendez-vous incontournable, port\u00e9 par une programmation pluridisciplinaire, Sc\u00e8nes de rue reste une manifestation \u00e0 \u00e9chelle humaine.<\/p><p>\u00c0 la fois provocateur de grands rassemblements populaires port\u00e9s par des artistes embl\u00e9matiques des arts de la rue, mais aussi des repr\u00e9sentations exigeantes, de nouvelles \u00e9critures, de projets forts men\u00e9s par des compagnies en \u00e9mergence.<\/p><p>Au-del\u00e0 de la simple diffusion de spectacles \u00ab pr\u00eats \u00e0 l\u2019emploi \u00bb, Sc\u00e8nes de rue veut susciter des aventures communes et les faire partager au plus grand nombre.<\/p>\t\t\t\t\t\t\t\t<\/div>\n\t\t\t\t<\/div>\n\t\t\t\t<\/div>\n\t\t\t\t\t<\/div>\n\t\t\t\t<\/div>\n\t\t<div class=\"elementor-element elementor-element-e6574cb e-flex e-con-boxed e-con e-parent\" data-id=\"e6574cb\" data-element_type=\"container\">\n\t\t\t\t\t<div class=\"e-con-inner\">\n\t\t\t\t\t<\/div>\n\t\t\t\t<\/div>\n\t\t\t\t<\/div>\n\t\t","protected":false},"excerpt":{"rendered":"<p>Chaque ann\u00e9e, en juillet, Mulhouse devient un laboratoire artistique urbain tourn\u00e9 vers les arts de la rue traditionnels et renouvel\u00e9s. Rendez-vous incontournable, port\u00e9 par une programmation pluridisciplinaire, Sc\u00e8nes de rue reste une manifestation \u00e0 \u00e9chelle humaine. \u00c0 la fois provocateur de grands rassemblements populaires port\u00e9s par des artistes embl\u00e9matiques des arts de la rue, mais [&hellip;]<\/p>\n","protected":false},"author":1,"featured_media":0,"parent":0,"menu_order":0,"comment_status":"closed","ping_status":"closed","template":"","meta":{"footnotes":""},"class_list":["post-23","page","type-page","status-publish","hentry"],"_links":{"self":[{"href":"https:\/\/www.scene2rue.dev-mulhouse.fr\/2\/wp-json\/wp\/v2\/pages\/23","targetHints":{"allow":["GET"]}}],"collection":[{"href":"https:\/\/www.scene2rue.dev-mulhouse.fr\/2\/wp-json\/wp\/v2\/pages"}],"about":[{"href":"https:\/\/www.scene2rue.dev-mulhouse.fr\/2\/wp-json\/wp\/v2\/types\/page"}],"author":[{"embeddable":true,"href":"https:\/\/www.scene2rue.dev-mulhouse.fr\/2\/wp-json\/wp\/v2\/users\/1"}],"replies":[{"embeddable":true,"href":"https:\/\/www.scene2rue.dev-mulhouse.fr\/2\/wp-json\/wp\/v2\/comments?post=23"}],"version-history":[{"count":4,"href":"https:\/\/www.scene2rue.dev-mulhouse.fr\/2\/wp-json\/wp\/v2\/pages\/23\/revisions"}],"predecessor-version":[{"id":155,"href":"https:\/\/www.scene2rue.dev-mulhouse.fr\/2\/wp-json\/wp\/v2\/pages\/23\/revisions\/155"}],"wp:attachment":[{"href":"https:\/\/www.scene2rue.dev-mulhouse.fr\/2\/wp-json\/wp\/v2\/media?parent=23"}],"curies":[{"name":"wp","href":"https:\/\/api.w.org\/{rel}","templated":true}]}}